{"id":17687,"date":"2020-12-11T07:04:11","date_gmt":"2020-12-11T07:04:11","guid":{"rendered":"https:\/\/gaviaspreview.com\/wp\/sominx\/?post_type=footer&#038;p=161"},"modified":"2026-04-09T13:28:32","modified_gmt":"2026-04-09T13:28:32","slug":"servicii-brokeraj-vamal-logistica","status":"publish","type":"page","link":"https:\/\/optibrok.md\/ru\/servicii-brokeraj-vamal-logistica\/","title":{"rendered":"\u0423\u0441\u043b\u0443\u0433\u0438"},"content":{"rendered":"<div data-elementor-type=\"wp-post\" data-elementor-id=\"17687\" class=\"elementor elementor-17687\">\n\t\t\t\t\t\t\t\t\t<section class=\"elementor-section elementor-top-section elementor-element elementor-element-f488ccc elementor-section-full_width elementor-section-height-default elementor-section-height-default\" data-id=\"f488ccc\" data-element_type=\"section\" data-settings=\"{&quot;background_background&quot;:&quot;slideshow&quot;,&quot;background_slideshow_gallery&quot;:[{&quot;id&quot;:1404,&quot;url&quot;:&quot;https:\\\/\\\/gaviaspreview.com\\\/wp\\\/sominx\\\/wp-content\\\/uploads\\\/2022\\\/03\\\/breadcrumb-2.jpg&quot;},{&quot;id&quot;:1008,&quot;url&quot;:&quot;https:\\\/\\\/gaviaspreview.com\\\/wp\\\/sominx\\\/wp-content\\\/uploads\\\/2021\\\/10\\\/breadcrumb.jpg&quot;}],&quot;background_slideshow_ken_burns&quot;:&quot;yes&quot;,&quot;background_slideshow_loop&quot;:&quot;yes&quot;,&quot;background_slideshow_slide_duration&quot;:5000,&quot;background_slideshow_slide_transition&quot;:&quot;fade&quot;,&quot;background_slideshow_transition_duration&quot;:500,&quot;background_slideshow_ken_burns_zoom_direction&quot;:&quot;in&quot;}\">\n\t\t\t\t\t\t\t<div class=\"elementor-background-overlay\"><\/div>\n\t\t\t\t\t\t\t<div class=\"elementor-container elementor-column-gap-default\">\n\t\t\t\t\t<div class=\"elementor-column elementor-col-100 elementor-top-column elementor-element elementor-element-5fda3c0\" data-id=\"5fda3c0\" data-element_type=\"column\">\n\t\t\t<div class=\"elementor-widget-wrap elementor-element-populated\">\n\t\t\t\t\t\t\t\t<div class=\"elementor-element elementor-element-e0a2269 elementor-widget elementor-widget-gva_post_breadcrumb\" data-id=\"e0a2269\" data-element_type=\"widget\" data-widget_type=\"gva_post_breadcrumb.default\">\n\t\t\t\t<div class=\"elementor-widget-container\">\n\t\t\t<div class=\"gva-element-gva_post_breadcrumb gva-element\">   \r\n<div class=\"post-breadcrumb\">\r\n   <div class=\"custom-breadcrumb\" >\r\n            <div class=\"breadcrumb-main\">\r\n        <div class=\"container\">\r\n          <div class=\"breadcrumb-container-inner\">\r\n            <h2 class=\"heading-title\">\u0423\u0441\u043b\u0443\u0433\u0438<\/h2><ol class=\"breadcrumb\"><li><a href=\"https:\/\/optibrok.md\/ru\">Home<\/a> <\/li> <li class=\"active\">\u0421\u0442\u0440\u0430\u043d\u0438\u0446\u0430<\/li><\/ol>          <\/div>  \r\n        <\/div>   \r\n      <\/div>  \r\n   <\/div>\r\n<\/div>      \r\n\r\n<\/div>\t\t<\/div>\n\t\t\t\t<\/div>\n\t\t\t\t\t<\/div>\n\t\t<\/div>\n\t\t\t\t\t\t\t<\/div>\n\t\t<\/section>\n\t\t\t\t<section class=\"elementor-section elementor-top-section elementor-element elementor-element-0576c05 elementor-section-boxed elementor-section-height-default elementor-section-height-default\" data-id=\"0576c05\" data-element_type=\"section\">\n\t\t\t\t\t\t<div class=\"elementor-container elementor-column-gap-default\">\n\t\t\t\t\t<div class=\"elementor-column elementor-col-100 elementor-top-column elementor-element elementor-element-affec81\" data-id=\"affec81\" data-element_type=\"column\">\n\t\t\t<div class=\"elementor-widget-wrap elementor-element-populated\">\n\t\t\t\t\t\t\t\t<div class=\"elementor-element elementor-element-8a6010c elementor-widget elementor-widget-gva-heading-block\" data-id=\"8a6010c\" data-element_type=\"widget\" data-widget_type=\"gva-heading-block.default\">\n\t\t\t\t<div class=\"elementor-widget-container\">\n\t\t\t<div class=\"gva-element-gva-heading-block gva-element\">   <div class=\"align-center style-1 widget gsc-heading box-align-left auto-responsive\">\r\n      <div class=\"content-inner\">\r\n         \r\n         \r\n                     <div class=\"sub-title\">\r\n               <span class=\"tagline\">O P T I B R O K<\/span> \r\n            <\/div>\r\n           \r\n         \r\n                     <h2 class=\"title\">\r\n               <span>\u041f\u0440\u0435\u0434\u043b\u0430\u0433\u0430\u0435\u043c\u044b\u0435 \u0443\u0441\u043b\u0443\u0433\u0438<\/span>\r\n            <\/h2>\r\n                              <div class=\"title-desc\">\u041c\u044b \u043e\u043a\u0430\u0437\u044b\u0432\u0430\u0435\u043c \u0443\u0441\u043b\u0443\u0433\u0438 \u043f\u043e \u0432\u0441\u0435\u043c \u043a\u0430\u0442\u0435\u0433\u043e\u0440\u0438\u044f\u043c \u0442\u043e\u0432\u0430\u0440\u043e\u0432 \u0438\u0437 \u0435\u0434\u0438\u043d\u043e\u0439 \u0441\u0438\u0441\u0442\u0435\u043c\u044b \u043e\u043f\u0438\u0441\u0430\u043d\u0438\u044f \u0438 \u043a\u043e\u0434\u0438\u0444\u0438\u043a\u0430\u0446\u0438\u0438 \u0442\u043e\u0432\u0430\u0440\u043e\u0432 (\u041d\u043e\u043c\u0435\u043d\u043a\u043b\u0430\u0442\u0443\u0440\u0430 \u0442\u043e\u0432\u0430\u0440\u043e\u0432), (\u043e\u0442 \u0436\u0438\u0432\u044b\u0445 \u0436\u0438\u0432\u043e\u0442\u043d\u044b\u0445 \u0434\u043e \u0441\u0430\u043c\u044b\u0445 \u0441\u043e\u0432\u0440\u0435\u043c\u0435\u043d\u043d\u044b\u0445 \u0438 \u043f\u0435\u0440\u0435\u0434\u043e\u0432\u044b\u0445 \u0442\u0435\u0445\u043d\u043e\u043b\u043e\u0433\u0438\u0439 \u0438 \u043c\u0430\u0448\u0438\u043d), \u0432 \u0442\u043e\u043c \u0447\u0438\u0441\u043b\u0435 \u043f\u043e\u0434\u0430\u043a\u0446\u0438\u0437\u043d\u044b\u0445. \u0421\u043f\u0435\u0446\u0438\u0430\u043b\u0438\u0441\u0442\u044b \u043d\u0430\u0448\u0435\u0439 \u043a\u043e\u043c\u043f\u0430\u043d\u0438\u0438 \u0438\u043c\u0435\u044e\u0442 \u0431\u043e\u043b\u044c\u0448\u043e\u0439 \u043e\u043f\u044b\u0442 \u0432 \u043f\u0440\u043e\u0446\u0435\u0441\u0441\u0435 \u0442\u0430\u043c\u043e\u0436\u0435\u043d\u043d\u043e\u0433\u043e \u043e\u0444\u043e\u0440\u043c\u043b\u0435\u043d\u0438\u044f \u043f\u0435\u0440\u0435\u0432\u043e\u0437\u0438\u043c\u044b\u0445 \u0433\u0440\u0443\u0437\u043e\u0432: \u2022 \u0410\u0432\u0442\u043e\u043c\u043e\u0431\u0438\u043b\u044c\u043d\u0430\u044f; \u2022 \u043c\u043e\u0440\u0441\u043a\u043e\u0439; \u2022 \u0410\u0432\u0438\u0430; \u2022 \u0416\u0435\u043b\u0435\u0437\u043d\u043e\u0434\u043e\u0440\u043e\u0436\u043d\u044b\u0439; \u2022 \u0414\u043e\u0441\u0442\u0430\u0432\u043a\u0430 \u043a\u043e\u043d\u0442\u0435\u0439\u043d\u0435\u0440\u043e\u0432 \u0438 \u0440\u0430\u0437\u043b\u0438\u0447\u043d\u044b\u043c\u0438 \u0432\u0438\u0434\u0430\u043c\u0438 \u0442\u0440\u0430\u043d\u0441\u043f\u043e\u0440\u0442\u0430; \u2022 \u0422\u0430\u043c\u043e\u0436\u0435\u043d\u043d\u043e\u0435 \u043e\u0444\u043e\u0440\u043c\u043b\u0435\u043d\u0438\u0435 \u043f\u043e\u0447\u0442\u043e\u0432\u044b\u0445 \u043e\u0442\u043f\u0440\u0430\u0432\u043b\u0435\u043d\u0438\u0439.<\/div>\r\n         \r\n         \r\n      <\/div>\r\n   <\/div>\r\n<\/div>\t\t<\/div>\n\t\t\t\t<\/div>\n\t\t\t\t\t<\/div>\n\t\t<\/div>\n\t\t\t\t\t\t\t<\/div>\n\t\t<\/section>\n\t\t\t\t<section class=\"elementor-section elementor-top-section elementor-element elementor-element-d072a0b elementor-section-boxed elementor-section-height-default elementor-section-height-default\" data-id=\"d072a0b\" data-element_type=\"section\">\n\t\t\t\t\t\t<div class=\"elementor-container elementor-column-gap-default\">\n\t\t\t\t\t<div class=\"elementor-column elementor-col-100 elementor-top-column elementor-element elementor-element-5ff0f89\" data-id=\"5ff0f89\" data-element_type=\"column\">\n\t\t\t<div class=\"elementor-widget-wrap elementor-element-populated\">\n\t\t\t\t\t\t\t\t<div class=\"elementor-element elementor-element-eeea78e elementor-widget elementor-widget-gva-services-group\" data-id=\"eeea78e\" data-element_type=\"widget\" data-widget_type=\"gva-services-group.default\">\n\t\t\t\t<div class=\"elementor-widget-container\">\n\t\t\t<div class=\"gva-element-gva-services-group gva-element\">\r\n<div class=\"gsc-services-group layout-grid\">\r\n   <div class=\"lg-block-grid-2 md-block-grid-2 sm-block-grid-2 xs-block-grid-1 xx-block-grid-1\">\r\n               <div class=\"item-columns\">\r\n            \r\n\t\r\n\r\n\t\r\n\r\n\r\n\r\n   <div class=\"service-item style-4\">\r\n      <div class=\"service-item-content\">\r\n\t\t   <div class=\"service-content\">\r\n\t\t   \t\t\t\t\t\t<span class=\"box-icon\">\r\n\t\t\t\t\t\t<i aria-hidden=\"true\" class=\"flaticon-handshake\"><\/i>\t\t\t\t\t<\/span>\r\n\t\t\t\t\r\n\t\t\t\t\t\t\t\t\t<h3 class=\"title\"><span>\u0422\u0410\u041c\u041e\u0416\u0415\u041d\u041d\u042b\u0419 \u0411\u0420\u041e\u041a\u0415\u0420<\/span><\/h3>\r\n\t\t\t\t\r\n\t\t\t\t\t\t\t\t\t<div class=\"desc\">\u0423\u0441\u043b\u0443\u0433\u0438 \u0442\u0430\u043c\u043e\u0436\u0435\u043d\u043d\u043e\u0433\u043e \u0431\u0440\u043e\u043a\u0435\u0440\u0430, \u0442\u0430\u043c\u043e\u0436\u0435\u043d\u043d\u043e\u0435 \u043e\u0444\u043e\u0440\u043c\u043b\u0435\u043d\u0438\u0435, \u0442\u0430\u043c\u043e\u0436\u0435\u043d\u043d\u043e\u0435 \u043e\u0444\u043e\u0440\u043c\u043b\u0435\u043d\u0438\u0435. \u041a\u043e\u043d\u0441\u0443\u043b\u044c\u0442\u0430\u0446\u0438\u0438, \u043f\u043e\u0441\u0440\u0435\u0434\u043d\u0438\u0447\u0435\u0441\u0442\u0432\u043e, \u043f\u043e\u043c\u043e\u0449\u044c, \u043f\u0440\u0435\u0434\u0441\u0442\u0430\u0432\u0438\u0442\u0435\u043b\u044c\u0441\u0442\u0432\u043e.<\/div>\r\n\t\t\t\t\r\n\t\t\t\t\t\t  <a href=\"https:\/\/optibrok.md\/ru\/services\/customs-brokerage-services\/\" class=\"link-overlay\"><\/a>\r\n\t\t   \r\n\t\t\t<\/div>\r\n\r\n\t\t<\/div>\r\n\t<\/div>\r\n         <\/div>\r\n               <div class=\"item-columns\">\r\n            \r\n\t\r\n\r\n\t\r\n\r\n\r\n\r\n   <div class=\"service-item style-4\">\r\n      <div class=\"service-item-content\">\r\n\t\t   <div class=\"service-content\">\r\n\t\t   \t\t\t\t\t\t<span class=\"box-icon\">\r\n\t\t\t\t\t\t<i aria-hidden=\"true\" class=\"las la-truck-moving\"><\/i>\t\t\t\t\t<\/span>\r\n\t\t\t\t\r\n\t\t\t\t\t\t\t\t\t<h3 class=\"title\"><span>\u041b\u041e\u0413\u0418\u0421\u0422\u0418\u041a\u0410<\/span><\/h3>\r\n\t\t\t\t\r\n\t\t\t\t\t\t\t\t\t<div class=\"desc\">\u0422\u0440\u0430\u043d\u0441\u043f\u043e\u0440\u0442 \u0434\u043b\u044f \u043f\u0435\u0440\u0435\u0432\u043e\u0437\u043a\u0438 \u0433\u0440\u0443\u0437\u043e\u0432 \u0432 \u043b\u044e\u0431\u043e\u043c \u043d\u0430\u043f\u0440\u0430\u0432\u043b\u0435\u043d\u0438\u0438. \u0423 \u043d\u0430\u0441 \u0435\u0441\u0442\u044c \u0441\u043f\u0435\u0446\u0438\u0430\u043b\u0438\u0441\u0442\u044b \u0441 \u0431\u043e\u0433\u0430\u0442\u044b\u043c \u043e\u043f\u044b\u0442\u043e\u043c, \u0438 \u043c\u044b \u0433\u043e\u0442\u043e\u0432\u044b \u043f\u0440\u0435\u0434\u043b\u043e\u0436\u0438\u0442\u044c \u0443\u0441\u043b\u0443\u0433\u0438 \u0432\u044b\u0441\u043e\u043a\u043e\u0433\u043e \u043a\u0430\u0447\u0435\u0441\u0442\u0432\u0430.<\/div>\r\n\t\t\t\t\r\n\t\t\t\t\t\t  <a href=\"https:\/\/optibrok.md\/ru\/services\/logistics-services\/\" class=\"link-overlay\"><\/a>\r\n\t\t   \r\n\t\t\t<\/div>\r\n\r\n\t\t<\/div>\r\n\t<\/div>\r\n         <\/div>\r\n         <\/div>   \r\n<\/div>\r\n<\/div>\t\t<\/div>\n\t\t\t\t<\/div>\n\t\t\t\t\t<\/div>\n\t\t<\/div>\n\t\t\t\t\t\t\t<\/div>\n\t\t<\/section>\n\t\t\t\t<section class=\"elementor-section elementor-top-section elementor-element elementor-element-f910632 elementor-section-boxed elementor-section-height-default elementor-section-height-default\" data-id=\"f910632\" data-element_type=\"section\">\n\t\t\t\t\t\t<div class=\"elementor-container elementor-column-gap-default\">\n\t\t\t\t\t<div class=\"elementor-column elementor-col-100 elementor-top-column elementor-element elementor-element-029cd4a\" data-id=\"029cd4a\" data-element_type=\"column\">\n\t\t\t<div class=\"elementor-widget-wrap elementor-element-populated\">\n\t\t\t\t\t\t\t\t<div class=\"elementor-element elementor-element-c637b94 elementor-widget elementor-widget-gva_icon_box_group\" data-id=\"c637b94\" data-element_type=\"widget\" data-widget_type=\"gva_icon_box_group.default\">\n\t\t\t\t<div class=\"elementor-widget-container\">\n\t\t\t<div class=\"gva-element-gva_icon_box_group gva-element\">\r\n<div class=\"gsc-icon-box-group layout-grid style-1\">\r\n\t<div class=\"lg-block-grid-1 md-block-grid-1 sm-block-grid-1 xs-block-grid-1 xx-block-grid-1\">\r\n\t\t\t\t\t\r\n\t\t\t<div class=\"item-columns\">\r\n\t\t\t\t<div class=\"icon-box-item elementor-repeater-item-ef16320 active\">\r\n\t<div class=\"icon-box-content\">\r\n\t\t\r\n\t\t\t\t\t\t\t\t\t<div class=\"box-icon\">\r\n\t\t\t\t\t<i aria-hidden=\"true\" class=\"icon-sominx-phone\"><\/i>\t\t\t\t<\/div>\r\n\t\t\t\r\n\t\t\t<div class=\"content-inner\">\r\n\t\t\t\t\t\t\t\t\t<h3 class=\"title\">\u041a\u043e\u043d\u0441\u0443\u043b\u044c\u0442\u0430\u0446\u0438\u044f \u043e\u0442 \u043d\u0430\u0448\u0438\u0445 \u0441\u043f\u0435\u0446\u0438\u0430\u043b\u0438\u0441\u0442\u043e\u0432<\/h3>\r\n\t\t\t\t\t\t\t\t\t\t\t\t\t<div class=\"desc\">\u041c\u044b \u043f\u0440\u0435\u0434\u043b\u0430\u0433\u0430\u0435\u043c \u043b\u0443\u0447\u0448\u0438\u0435 \u043f\u0440\u0435\u0434\u043b\u043e\u0436\u0435\u043d\u0438\u044f \u0434\u043b\u044f \u043d\u0430\u0448\u0438\u0445 \u043a\u043b\u0438\u0435\u043d\u0442\u043e\u0432!<\/div>\r\n\t\t\t\t\t\t\t<\/div>\t\r\n\r\n\t\t\t\r\n\r\n\t<\/div>  \t\r\n\t\t\t  <a href=\"https:\/\/optibrok.md\/ru\/contact\/\" class=\"link-overlay\">\r\n\t\t\t \t\t  <\/a>\r\n\t\t  <\/div>\t\t\t<\/div>\r\n\r\n\t\t\t<\/div>   \r\n<\/div>\r\n<\/div>\t\t<\/div>\n\t\t\t\t<\/div>\n\t\t\t\t\t<\/div>\n\t\t<\/div>\n\t\t\t\t\t\t\t<\/div>\n\t\t<\/section>\n\t\t\t\t\t\t\t<\/div>","protected":false},"excerpt":{"rendered":"<p>Servicii Home Pagin\u0103 O P T I B R O K Serviciile oferite Prest\u0103m servicii pentru toate categoriile de m\u0103rfuri din sistemului armonizat de descriere \u015fi codificare a m\u0103rfurilor (Nomenclatorul m\u0103rfurilor), ( de la animalele vii p\u00een\u0103 la cele mai moderne \u015fi avansate tehnologii \u015fi utilaje), inclusiv cele supuse accizelor. Speciali\u015ftii Companiei noastre posed\u0103 o [&hellip;]<\/p>","protected":false},"author":1,"featured_media":18300,"parent":0,"menu_order":0,"comment_status":"closed","ping_status":"closed","template":"","meta":{"footnotes":""},"class_list":["post-17687","page","type-page","status-publish","has-post-thumbnail","hentry"],"yoast_head":"<!-- This site is optimized with the Yoast SEO plugin v27.3 - https:\/\/yoast.com\/product\/yoast-seo-wordpress\/ -->\n<title>Servicii de Brokeraj Vamal \u0219i Logistic\u0103 - OptiBrok<\/title>\n<meta name=\"description\" content=\"Descoperi\u021bi serviciile brokeraj vamal \u0219i logistic\u0103 Chi\u0219in\u0103u. Oferim asisten\u021b\u0103 profesionist\u0103 pentru toate categoriile de m\u0103rfuri.\" \/>\n<meta name=\"robots\" content=\"index, follow, max-snippet:-1, max-image-preview:large, max-video-preview:-1\" \/>\n<link rel=\"canonical\" href=\"https:\/\/optibrok.md\/ru\/servicii-brokeraj-vamal-logistica\/\" \/>\n<meta property=\"og:locale\" content=\"ru_RU\" \/>\n<meta property=\"og:type\" content=\"article\" \/>\n<meta property=\"og:title\" content=\"Servicii de Brokeraj Vamal \u0219i Logistic\u0103 - OptiBrok\" \/>\n<meta property=\"og:description\" content=\"Descoperi\u021bi serviciile brokeraj vamal \u0219i logistic\u0103 Chi\u0219in\u0103u. Oferim asisten\u021b\u0103 profesionist\u0103 pentru toate categoriile de m\u0103rfuri.\" \/>\n<meta property=\"og:url\" content=\"https:\/\/optibrok.md\/ru\/servicii-brokeraj-vamal-logistica\/\" \/>\n<meta property=\"og:site_name\" content=\"OptiBrok\" \/>\n<meta property=\"article:publisher\" content=\"https:\/\/www.facebook.com\/optibrok\" \/>\n<meta property=\"article:modified_time\" content=\"2026-04-09T13:28:32+00:00\" \/>\n<meta property=\"og:image\" content=\"https:\/\/optibrok.md\/wp-content\/uploads\/2023\/04\/wbg.jpg\" \/>\n\t<meta property=\"og:image:width\" content=\"600\" \/>\n\t<meta property=\"og:image:height\" content=\"555\" \/>\n\t<meta property=\"og:image:type\" content=\"image\/jpeg\" \/>\n<meta name=\"twitter:card\" content=\"summary_large_image\" \/>\n<meta name=\"twitter:label1\" content=\"\u041f\u0440\u0438\u043c\u0435\u0440\u043d\u043e\u0435 \u0432\u0440\u0435\u043c\u044f \u0434\u043b\u044f \u0447\u0442\u0435\u043d\u0438\u044f\" \/>\n\t<meta name=\"twitter:data1\" content=\"1 \u043c\u0438\u043d\u0443\u0442\u0430\" \/>\n<script type=\"application\/ld+json\" class=\"yoast-schema-graph\">{\"@context\":\"https:\\\/\\\/schema.org\",\"@graph\":[{\"@type\":\"WebPage\",\"@id\":\"https:\\\/\\\/optibrok.md\\\/servicii-brokeraj-vamal-logistica\\\/\",\"url\":\"https:\\\/\\\/optibrok.md\\\/servicii-brokeraj-vamal-logistica\\\/\",\"name\":\"Servicii de Brokeraj Vamal \u0219i Logistic\u0103 - OptiBrok\",\"isPartOf\":{\"@id\":\"https:\\\/\\\/optibrok.md\\\/#website\"},\"primaryImageOfPage\":{\"@id\":\"https:\\\/\\\/optibrok.md\\\/servicii-brokeraj-vamal-logistica\\\/#primaryimage\"},\"image\":{\"@id\":\"https:\\\/\\\/optibrok.md\\\/servicii-brokeraj-vamal-logistica\\\/#primaryimage\"},\"thumbnailUrl\":\"https:\\\/\\\/optibrok.md\\\/wp-content\\\/uploads\\\/2023\\\/04\\\/wbg.jpg\",\"datePublished\":\"2020-12-11T07:04:11+00:00\",\"dateModified\":\"2026-04-09T13:28:32+00:00\",\"description\":\"Descoperi\u021bi serviciile brokeraj vamal \u0219i logistic\u0103 Chi\u0219in\u0103u. Oferim asisten\u021b\u0103 profesionist\u0103 pentru toate categoriile de m\u0103rfuri.\",\"breadcrumb\":{\"@id\":\"https:\\\/\\\/optibrok.md\\\/servicii-brokeraj-vamal-logistica\\\/#breadcrumb\"},\"inLanguage\":\"ru-RU\",\"potentialAction\":[{\"@type\":\"ReadAction\",\"target\":[\"https:\\\/\\\/optibrok.md\\\/servicii-brokeraj-vamal-logistica\\\/\"]}]},{\"@type\":\"ImageObject\",\"inLanguage\":\"ru-RU\",\"@id\":\"https:\\\/\\\/optibrok.md\\\/servicii-brokeraj-vamal-logistica\\\/#primaryimage\",\"url\":\"https:\\\/\\\/optibrok.md\\\/wp-content\\\/uploads\\\/2023\\\/04\\\/wbg.jpg\",\"contentUrl\":\"https:\\\/\\\/optibrok.md\\\/wp-content\\\/uploads\\\/2023\\\/04\\\/wbg.jpg\",\"width\":600,\"height\":555},{\"@type\":\"BreadcrumbList\",\"@id\":\"https:\\\/\\\/optibrok.md\\\/servicii-brokeraj-vamal-logistica\\\/#breadcrumb\",\"itemListElement\":[{\"@type\":\"ListItem\",\"position\":1,\"name\":\"Principal\u0103\",\"item\":\"https:\\\/\\\/optibrok.md\\\/\"},{\"@type\":\"ListItem\",\"position\":2,\"name\":\"Servicii\"}]},{\"@type\":\"WebSite\",\"@id\":\"https:\\\/\\\/optibrok.md\\\/#website\",\"url\":\"https:\\\/\\\/optibrok.md\\\/\",\"name\":\"OptiBrok\",\"description\":\"Servicii de brokeraj vamal \u0219i logistic\u0103\",\"publisher\":{\"@id\":\"https:\\\/\\\/optibrok.md\\\/#organization\"},\"potentialAction\":[{\"@type\":\"SearchAction\",\"target\":{\"@type\":\"EntryPoint\",\"urlTemplate\":\"https:\\\/\\\/optibrok.md\\\/?s={search_term_string}\"},\"query-input\":{\"@type\":\"PropertyValueSpecification\",\"valueRequired\":true,\"valueName\":\"search_term_string\"}}],\"inLanguage\":\"ru-RU\"},{\"@type\":\"Organization\",\"@id\":\"https:\\\/\\\/optibrok.md\\\/#organization\",\"name\":\"OptiBrok\",\"url\":\"https:\\\/\\\/optibrok.md\\\/\",\"logo\":{\"@type\":\"ImageObject\",\"inLanguage\":\"ru-RU\",\"@id\":\"https:\\\/\\\/optibrok.md\\\/#\\\/schema\\\/logo\\\/image\\\/\",\"url\":\"https:\\\/\\\/optibrok.md\\\/wp-content\\\/uploads\\\/2022\\\/08\\\/logobroker.png\",\"contentUrl\":\"https:\\\/\\\/optibrok.md\\\/wp-content\\\/uploads\\\/2022\\\/08\\\/logobroker.png\",\"width\":109,\"height\":109,\"caption\":\"OptiBrok\"},\"image\":{\"@id\":\"https:\\\/\\\/optibrok.md\\\/#\\\/schema\\\/logo\\\/image\\\/\"},\"sameAs\":[\"https:\\\/\\\/www.facebook.com\\\/optibrok\",\"https:\\\/\\\/www.instagram.com\\\/optibrok\\\/\"]}]}<\/script>\n<!-- \/ Yoast SEO plugin. -->","yoast_head_json":{"title":"Servicii de Brokeraj Vamal \u0219i Logistic\u0103 - OptiBrok","description":"Descoperi\u021bi serviciile brokeraj vamal \u0219i logistic\u0103 Chi\u0219in\u0103u. Oferim asisten\u021b\u0103 profesionist\u0103 pentru toate categoriile de m\u0103rfuri.","robots":{"index":"index","follow":"follow","max-snippet":"max-snippet:-1","max-image-preview":"max-image-preview:large","max-video-preview":"max-video-preview:-1"},"canonical":"https:\/\/optibrok.md\/ru\/servicii-brokeraj-vamal-logistica\/","og_locale":"ru_RU","og_type":"article","og_title":"Servicii de Brokeraj Vamal \u0219i Logistic\u0103 - OptiBrok","og_description":"Descoperi\u021bi serviciile brokeraj vamal \u0219i logistic\u0103 Chi\u0219in\u0103u. Oferim asisten\u021b\u0103 profesionist\u0103 pentru toate categoriile de m\u0103rfuri.","og_url":"https:\/\/optibrok.md\/ru\/servicii-brokeraj-vamal-logistica\/","og_site_name":"OptiBrok","article_publisher":"https:\/\/www.facebook.com\/optibrok","article_modified_time":"2026-04-09T13:28:32+00:00","og_image":[{"url":"https:\/\/optibrok.md\/wp-content\/uploads\/2023\/04\/wbg.jpg","width":600,"height":555,"type":"image\/jpeg"}],"twitter_card":"summary_large_image","twitter_misc":{"\u041f\u0440\u0438\u043c\u0435\u0440\u043d\u043e\u0435 \u0432\u0440\u0435\u043c\u044f \u0434\u043b\u044f \u0447\u0442\u0435\u043d\u0438\u044f":"1 \u043c\u0438\u043d\u0443\u0442\u0430"},"schema":{"@context":"https:\/\/schema.org","@graph":[{"@type":"WebPage","@id":"https:\/\/optibrok.md\/servicii-brokeraj-vamal-logistica\/","url":"https:\/\/optibrok.md\/servicii-brokeraj-vamal-logistica\/","name":"Servicii de Brokeraj Vamal \u0219i Logistic\u0103 - OptiBrok","isPartOf":{"@id":"https:\/\/optibrok.md\/#website"},"primaryImageOfPage":{"@id":"https:\/\/optibrok.md\/servicii-brokeraj-vamal-logistica\/#primaryimage"},"image":{"@id":"https:\/\/optibrok.md\/servicii-brokeraj-vamal-logistica\/#primaryimage"},"thumbnailUrl":"https:\/\/optibrok.md\/wp-content\/uploads\/2023\/04\/wbg.jpg","datePublished":"2020-12-11T07:04:11+00:00","dateModified":"2026-04-09T13:28:32+00:00","description":"Descoperi\u021bi serviciile brokeraj vamal \u0219i logistic\u0103 Chi\u0219in\u0103u. Oferim asisten\u021b\u0103 profesionist\u0103 pentru toate categoriile de m\u0103rfuri.","breadcrumb":{"@id":"https:\/\/optibrok.md\/servicii-brokeraj-vamal-logistica\/#breadcrumb"},"inLanguage":"ru-RU","potentialAction":[{"@type":"ReadAction","target":["https:\/\/optibrok.md\/servicii-brokeraj-vamal-logistica\/"]}]},{"@type":"ImageObject","inLanguage":"ru-RU","@id":"https:\/\/optibrok.md\/servicii-brokeraj-vamal-logistica\/#primaryimage","url":"https:\/\/optibrok.md\/wp-content\/uploads\/2023\/04\/wbg.jpg","contentUrl":"https:\/\/optibrok.md\/wp-content\/uploads\/2023\/04\/wbg.jpg","width":600,"height":555},{"@type":"BreadcrumbList","@id":"https:\/\/optibrok.md\/servicii-brokeraj-vamal-logistica\/#breadcrumb","itemListElement":[{"@type":"ListItem","position":1,"name":"Principal\u0103","item":"https:\/\/optibrok.md\/"},{"@type":"ListItem","position":2,"name":"Servicii"}]},{"@type":"WebSite","@id":"https:\/\/optibrok.md\/#website","url":"https:\/\/optibrok.md\/","name":"OptiBrok","description":"Servicii de brokeraj vamal \u0219i logistic\u0103","publisher":{"@id":"https:\/\/optibrok.md\/#organization"},"potentialAction":[{"@type":"SearchAction","target":{"@type":"EntryPoint","urlTemplate":"https:\/\/optibrok.md\/?s={search_term_string}"},"query-input":{"@type":"PropertyValueSpecification","valueRequired":true,"valueName":"search_term_string"}}],"inLanguage":"ru-RU"},{"@type":"Organization","@id":"https:\/\/optibrok.md\/#organization","name":"OptiBrok","url":"https:\/\/optibrok.md\/","logo":{"@type":"ImageObject","inLanguage":"ru-RU","@id":"https:\/\/optibrok.md\/#\/schema\/logo\/image\/","url":"https:\/\/optibrok.md\/wp-content\/uploads\/2022\/08\/logobroker.png","contentUrl":"https:\/\/optibrok.md\/wp-content\/uploads\/2022\/08\/logobroker.png","width":109,"height":109,"caption":"OptiBrok"},"image":{"@id":"https:\/\/optibrok.md\/#\/schema\/logo\/image\/"},"sameAs":["https:\/\/www.facebook.com\/optibrok","https:\/\/www.instagram.com\/optibrok\/"]}]}},"_links":{"self":[{"href":"https:\/\/optibrok.md\/ru\/wp-json\/wp\/v2\/pages\/17687","targetHints":{"allow":["GET"]}}],"collection":[{"href":"https:\/\/optibrok.md\/ru\/wp-json\/wp\/v2\/pages"}],"about":[{"href":"https:\/\/optibrok.md\/ru\/wp-json\/wp\/v2\/types\/page"}],"author":[{"embeddable":true,"href":"https:\/\/optibrok.md\/ru\/wp-json\/wp\/v2\/users\/1"}],"replies":[{"embeddable":true,"href":"https:\/\/optibrok.md\/ru\/wp-json\/wp\/v2\/comments?post=17687"}],"version-history":[{"count":38,"href":"https:\/\/optibrok.md\/ru\/wp-json\/wp\/v2\/pages\/17687\/revisions"}],"predecessor-version":[{"id":18418,"href":"https:\/\/optibrok.md\/ru\/wp-json\/wp\/v2\/pages\/17687\/revisions\/18418"}],"wp:featuredmedia":[{"embeddable":true,"href":"https:\/\/optibrok.md\/ru\/wp-json\/wp\/v2\/media\/18300"}],"wp:attachment":[{"href":"https:\/\/optibrok.md\/ru\/wp-json\/wp\/v2\/media?parent=17687"}],"curies":[{"name":"wp","href":"https:\/\/api.w.org\/{rel}","templated":true}]}}