{"id":870,"date":"2021-08-31T01:51:55","date_gmt":"2021-08-31T01:51:55","guid":{"rendered":"https:\/\/gaviaspreview.com\/wp\/sominx\/add_services\/"},"modified":"2026-04-09T13:16:00","modified_gmt":"2026-04-09T13:16:00","slug":"servicii-brokeraj-vamal","status":"publish","type":"page","link":"https:\/\/optibrok.md\/en\/servicii-brokeraj-vamal-logistica\/servicii-brokeraj-vamal\/","title":{"rendered":"Customs brokerage services"},"content":{"rendered":"<div data-elementor-type=\"wp-page\" data-elementor-id=\"870\" class=\"elementor elementor-870\">\n\t\t\t\t\t\t\t\t\t<section class=\"elementor-section elementor-top-section elementor-element elementor-element-d0297f2 elementor-section-full_width elementor-section-height-default elementor-section-height-default\" data-id=\"d0297f2\" data-element_type=\"section\" data-settings=\"{&quot;background_background&quot;:&quot;slideshow&quot;,&quot;background_slideshow_gallery&quot;:[{&quot;id&quot;:1404,&quot;url&quot;:&quot;https:\\\/\\\/gaviaspreview.com\\\/wp\\\/sominx\\\/wp-content\\\/uploads\\\/2022\\\/03\\\/breadcrumb-2.jpg&quot;},{&quot;id&quot;:1008,&quot;url&quot;:&quot;https:\\\/\\\/gaviaspreview.com\\\/wp\\\/sominx\\\/wp-content\\\/uploads\\\/2021\\\/10\\\/breadcrumb.jpg&quot;}],&quot;background_slideshow_ken_burns&quot;:&quot;yes&quot;,&quot;background_slideshow_loop&quot;:&quot;yes&quot;,&quot;background_slideshow_slide_duration&quot;:5000,&quot;background_slideshow_slide_transition&quot;:&quot;fade&quot;,&quot;background_slideshow_transition_duration&quot;:500,&quot;background_slideshow_ken_burns_zoom_direction&quot;:&quot;in&quot;}\">\n\t\t\t\t\t\t\t<div class=\"elementor-background-overlay\"><\/div>\n\t\t\t\t\t\t\t<div class=\"elementor-container elementor-column-gap-default\">\n\t\t\t\t\t<div class=\"elementor-column elementor-col-100 elementor-top-column elementor-element elementor-element-2fb319f4\" data-id=\"2fb319f4\" data-element_type=\"column\">\n\t\t\t<div class=\"elementor-widget-wrap elementor-element-populated\">\n\t\t\t\t\t\t\t\t<div class=\"elementor-element elementor-element-49ebed23 elementor-widget elementor-widget-gva_post_breadcrumb\" data-id=\"49ebed23\" data-element_type=\"widget\" data-widget_type=\"gva_post_breadcrumb.default\">\n\t\t\t\t<div class=\"elementor-widget-container\">\n\t\t\t<div class=\"gva-element-gva_post_breadcrumb gva-element\">   \r\n<div class=\"post-breadcrumb\">\r\n   <div class=\"custom-breadcrumb\" >\r\n            <div class=\"breadcrumb-main\">\r\n        <div class=\"container\">\r\n          <div class=\"breadcrumb-container-inner\">\r\n            <h2 class=\"heading-title\">Customs brokerage services<\/h2><ol class=\"breadcrumb\"><li><a href=\"https:\/\/optibrok.md\/en\">Home<\/a> <\/li> <li class=\"active\">Page<\/li><\/ol>          <\/div>  \r\n        <\/div>   \r\n      <\/div>  \r\n   <\/div>\r\n<\/div>      \r\n\r\n<\/div>\t\t<\/div>\n\t\t\t\t<\/div>\n\t\t\t\t\t<\/div>\n\t\t<\/div>\n\t\t\t\t\t\t\t<\/div>\n\t\t<\/section>\n\t\t\t\t<section class=\"elementor-section elementor-top-section elementor-element elementor-element-7c1487ac elementor-section-boxed elementor-section-height-default elementor-section-height-default\" data-id=\"7c1487ac\" data-element_type=\"section\">\n\t\t\t\t\t\t<div class=\"elementor-container elementor-column-gap-default\">\n\t\t\t\t\t<div class=\"elementor-column elementor-col-50 elementor-top-column elementor-element elementor-element-6d95460d\" data-id=\"6d95460d\" data-element_type=\"column\">\n\t\t\t<div class=\"elementor-widget-wrap elementor-element-populated\">\n\t\t\t\t\t\t\t\t<section class=\"elementor-section elementor-inner-section elementor-element elementor-element-6286235c elementor-section-boxed elementor-section-height-default elementor-section-height-default\" data-id=\"6286235c\" data-element_type=\"section\" data-settings=\"{&quot;background_background&quot;:&quot;classic&quot;}\">\n\t\t\t\t\t\t\t<div class=\"elementor-background-overlay\"><\/div>\n\t\t\t\t\t\t\t<div class=\"elementor-container elementor-column-gap-default\">\n\t\t\t\t\t<div class=\"elementor-column elementor-col-100 elementor-inner-column elementor-element elementor-element-35b0338d\" data-id=\"35b0338d\" data-element_type=\"column\">\n\t\t\t<div class=\"elementor-widget-wrap elementor-element-populated\">\n\t\t\t\t\t\t\t\t<div class=\"elementor-element elementor-element-20d217f elementor-widget elementor-widget-image\" data-id=\"20d217f\" data-element_type=\"widget\" data-widget_type=\"image.default\">\n\t\t\t\t<div class=\"elementor-widget-container\">\n\t\t\t<style>\/*! elementor - v3.7.3 - 29-08-2022 *\/\n.elementor-widget-image{text-align:center}.elementor-widget-image a{display:inline-block}.elementor-widget-image a img[src$=\".svg\"]{width:48px}.elementor-widget-image img{vertical-align:middle;display:inline-block}<\/style>\t\t\t\t\t\t\t\t\t\t\t\t<img loading=\"lazy\" decoding=\"async\" width=\"109\" height=\"109\" src=\"https:\/\/optibrok.md\/wp-content\/uploads\/2022\/08\/logobroker.png\" class=\"attachment-full size-full\" alt=\"\" \/>\t\t\t\t\t\t\t\t\t\t\t\t\t\t\t<\/div>\n\t\t\t\t<\/div>\n\t\t\t\t<div class=\"elementor-element elementor-element-7117de3d elementor-view-stacked elementor-vertical-align-bottom elementor-widget elementor-widget-icon-box\" data-id=\"7117de3d\" data-element_type=\"widget\" data-widget_type=\"icon-box.default\">\n\t\t\t\t<div class=\"elementor-widget-container\">\n\t\t\t<link rel=\"stylesheet\" href=\"https:\/\/optibrok.md\/wp-content\/plugins\/elementor\/assets\/css\/widget-icon-box.min.css\">\t\t<div class=\"elementor-icon-box-wrapper\">\n\t\t\t\t\t\t<div class=\"elementor-icon-box-content\">\n\t\t\t\t<h3 class=\"elementor-icon-box-title\">\n\t\t\t\t\t<span  >\n\t\t\t\t\t\tContact number\t\t\t\t\t<\/span>\n\t\t\t\t<\/h3>\n\t\t\t\t\t\t\t\t\t<p class=\"elementor-icon-box-description\">\n\t\t\t\t\t\t(+373) 69 188 742\t\t\t\t\t<\/p>\n\t\t\t\t\t\t\t<\/div>\n\t\t<\/div>\n\t\t\t\t<\/div>\n\t\t\t\t<\/div>\n\t\t\t\t<div class=\"elementor-element elementor-element-8c6661c elementor-view-stacked elementor-vertical-align-bottom elementor-widget elementor-widget-icon-box\" data-id=\"8c6661c\" data-element_type=\"widget\" data-widget_type=\"icon-box.default\">\n\t\t\t\t<div class=\"elementor-widget-container\">\n\t\t\t\t\t<div class=\"elementor-icon-box-wrapper\">\n\t\t\t\t\t\t<div class=\"elementor-icon-box-content\">\n\t\t\t\t<h3 class=\"elementor-icon-box-title\">\n\t\t\t\t\t<span  >\n\t\t\t\t\t\tE-mail\t\t\t\t\t<\/span>\n\t\t\t\t<\/h3>\n\t\t\t\t\t\t\t\t\t<p class=\"elementor-icon-box-description\">\n\t\t\t\t\t\tinfo@optibrok.md\n\t\t\t\t\t<\/p>\n\t\t\t\t\t\t\t<\/div>\n\t\t<\/div>\n\t\t\t\t<\/div>\n\t\t\t\t<\/div>\n\t\t\t\t<div class=\"elementor-element elementor-element-ba3a652 elementor-view-stacked elementor-vertical-align-bottom elementor-widget elementor-widget-icon-box\" data-id=\"ba3a652\" data-element_type=\"widget\" data-widget_type=\"icon-box.default\">\n\t\t\t\t<div class=\"elementor-widget-container\">\n\t\t\t\t\t<div class=\"elementor-icon-box-wrapper\">\n\t\t\t\t\t\t<div class=\"elementor-icon-box-content\">\n\t\t\t\t<h3 class=\"elementor-icon-box-title\">\n\t\t\t\t\t<span  >\n\t\t\t\t\t\tAddress\t\t\t\t\t<\/span>\n\t\t\t\t<\/h3>\n\t\t\t\t\t\t\t\t\t<p class=\"elementor-icon-box-description\">\n\t\t\t\t\t\tstr. Gr\u0103dina Botanic\u0103, 14\/3,\nmun. Chi\u0219in\u0103u\t\t\t\t\t<\/p>\n\t\t\t\t\t\t\t<\/div>\n\t\t<\/div>\n\t\t\t\t<\/div>\n\t\t\t\t<\/div>\n\t\t\t\t\t<\/div>\n\t\t<\/div>\n\t\t\t\t\t\t\t<\/div>\n\t\t<\/section>\n\t\t\t\t\t<\/div>\n\t\t<\/div>\n\t\t\t\t<div class=\"elementor-column elementor-col-50 elementor-top-column elementor-element elementor-element-649bcc80\" data-id=\"649bcc80\" data-element_type=\"column\">\n\t\t\t<div class=\"elementor-widget-wrap elementor-element-populated\">\n\t\t\t\t\t\t\t\t<div class=\"elementor-element elementor-element-760d0a85 elementor-widget elementor-widget-gva-gallery\" data-id=\"760d0a85\" data-element_type=\"widget\" data-widget_type=\"gva-gallery.default\">\n\t\t\t\t<div class=\"elementor-widget-container\">\n\t\t\t<div class=\"gva-element-gva-gallery gva-element\">\r\n<div class=\"gva-gallery-carousel swiper-slider-wrapper style-1\">\r\n\t<div class=\"swiper-content-inner\">\r\n   \t<div class=\"init-carousel-swiper swiper\" data-carousel=\"{&quot;items&quot;:1,&quot;items_lg&quot;:1,&quot;items_md&quot;:1,&quot;items_sm&quot;:1,&quot;items_xs&quot;:1,&quot;items_xx&quot;:1,&quot;effect&quot;:&quot;slide&quot;,&quot;space_between&quot;:30,&quot;loop&quot;:0,&quot;speed&quot;:600,&quot;autoplay&quot;:0,&quot;autoplay_delay&quot;:4500,&quot;autoplay_hover&quot;:0,&quot;navigation&quot;:0,&quot;pagination&quot;:0,&quot;dynamic_bullets&quot;:0,&quot;pagination_type&quot;:&quot;bullets&quot;}\">\r\n      \t<div class=\"swiper-wrapper\">\r\n\t\t\t\t<div class=\"swiper-slide item\">\r\n<div class=\"gallery-item style-1\">\r\n\r\n               <div class=\"image\">\r\n            <img decoding=\"async\" src=\"https:\/\/optibrok.md\/wp-content\/uploads\/2022\/08\/brokeraj.jpg\" alt=\"\" \/>  \r\n         <\/div>\r\n         <a class=\"photo-gallery\" href=\"https:\/\/optibrok.md\/wp-content\/uploads\/2022\/08\/brokeraj.jpg\" data-elementor-lightbox-slideshow=\"gallery-loi7\"><\/a>\r\n      \r\n      <div class=\"image-content\">\r\n         <div class=\"content-inner\">\r\n                                 <\/div>   \r\n      <\/div>\r\n\r\n   <\/div>\r\n<\/div>\t\t\t<\/div>\r\n\t\t<\/div>\r\n\t<\/div>\r\n\t<div class=\"swiper-pagination\"><\/div>   <\/div>\r\n<\/div>\t\t<\/div>\n\t\t\t\t<\/div>\n\t\t\t\t<div class=\"elementor-element elementor-element-5fee7efa elementor-widget elementor-widget-heading\" data-id=\"5fee7efa\" data-element_type=\"widget\" data-widget_type=\"heading.default\">\n\t\t\t\t<div class=\"elementor-widget-container\">\n\t\t\t<style>\/*! elementor - v3.7.3 - 29-08-2022 *\/\n.elementor-heading-title{padding:0;margin:0;line-height:1}.elementor-widget-heading .elementor-heading-title[class*=elementor-size-]>a{color:inherit;font-size:inherit;line-height:inherit}.elementor-widget-heading .elementor-heading-title.elementor-size-small{font-size:15px}.elementor-widget-heading .elementor-heading-title.elementor-size-medium{font-size:19px}.elementor-widget-heading .elementor-heading-title.elementor-size-large{font-size:29px}.elementor-widget-heading .elementor-heading-title.elementor-size-xl{font-size:39px}.elementor-widget-heading .elementor-heading-title.elementor-size-xxl{font-size:59px}<\/style><h3 class=\"elementor-heading-title elementor-size-default\">CUSTOMS BROKERAGE<\/h3>\t\t<\/div>\n\t\t\t\t<\/div>\n\t\t\t\t<div class=\"elementor-element elementor-element-6db6c3e2 elementor-icon-list--layout-traditional elementor-list-item-link-full_width elementor-widget elementor-widget-icon-list\" data-id=\"6db6c3e2\" data-element_type=\"widget\" data-widget_type=\"icon-list.default\">\n\t\t\t\t<div class=\"elementor-widget-container\">\n\t\t\t<link rel=\"stylesheet\" href=\"https:\/\/optibrok.md\/wp-content\/plugins\/elementor\/assets\/css\/widget-icon-list.min.css\">\t\t<ul class=\"elementor-icon-list-items\">\n\t\t\t\t\t\t\t<li class=\"elementor-icon-list-item\">\n\t\t\t\t\t\t\t\t\t\t\t<span class=\"elementor-icon-list-icon\">\n\t\t\t\t\t\t\t<i aria-hidden=\"true\" class=\"far fa-check-circle\"><\/i>\t\t\t\t\t\t<\/span>\n\t\t\t\t\t\t\t\t\t\t<span class=\"elementor-icon-list-text\">Perfecting customs formalities for import and export;<\/span>\n\t\t\t\t\t\t\t\t\t<\/li>\n\t\t\t\t\t\t\t\t<li class=\"elementor-icon-list-item\">\n\t\t\t\t\t\t\t\t\t\t\t<span class=\"elementor-icon-list-icon\">\n\t\t\t\t\t\t\t<i aria-hidden=\"true\" class=\"far fa-check-circle\"><\/i>\t\t\t\t\t\t<\/span>\n\t\t\t\t\t\t\t\t\t\t<span class=\"elementor-icon-list-text\">Perfecting the customs declaration with several items of goods;<\/span>\n\t\t\t\t\t\t\t\t\t<\/li>\n\t\t\t\t\t\t\t\t<li class=\"elementor-icon-list-item\">\n\t\t\t\t\t\t\t\t\t\t\t<span class=\"elementor-icon-list-icon\">\n\t\t\t\t\t\t\t<i aria-hidden=\"true\" class=\"far fa-check-circle\"><\/i>\t\t\t\t\t\t<\/span>\n\t\t\t\t\t\t\t\t\t\t<span class=\"elementor-icon-list-text\">Organizing the storage of goods in temporary warehouses;<\/span>\n\t\t\t\t\t\t\t\t\t<\/li>\n\t\t\t\t\t\t\t\t<li class=\"elementor-icon-list-item\">\n\t\t\t\t\t\t\t\t\t\t\t<span class=\"elementor-icon-list-icon\">\n\t\t\t\t\t\t\t<i aria-hidden=\"true\" class=\"far fa-check-circle\"><\/i>\t\t\t\t\t\t<\/span>\n\t\t\t\t\t\t\t\t\t\t<span class=\"elementor-icon-list-text\">Consultations on customs payments;<\/span>\n\t\t\t\t\t\t\t\t\t<\/li>\n\t\t\t\t\t\t\t\t<li class=\"elementor-icon-list-item\">\n\t\t\t\t\t\t\t\t\t\t\t<span class=\"elementor-icon-list-icon\">\n\t\t\t\t\t\t\t<i aria-hidden=\"true\" class=\"far fa-check-circle\"><\/i>\t\t\t\t\t\t<\/span>\n\t\t\t\t\t\t\t\t\t\t<span class=\"elementor-icon-list-text\">Organization of internal transit.<\/span>\n\t\t\t\t\t\t\t\t\t<\/li>\n\t\t\t\t\t\t\t\t<li class=\"elementor-icon-list-item\">\n\t\t\t\t\t\t\t\t\t\t\t<span class=\"elementor-icon-list-icon\">\n\t\t\t\t\t\t\t<i aria-hidden=\"true\" class=\"far fa-check-circle\"><\/i>\t\t\t\t\t\t<\/span>\n\t\t\t\t\t\t\t\t\t\t<span class=\"elementor-icon-list-text\">Preparation and presentation of customs declarations of any Moldovan transport company;<\/span>\n\t\t\t\t\t\t\t\t\t<\/li>\n\t\t\t\t\t\t\t\t<li class=\"elementor-icon-list-item\">\n\t\t\t\t\t\t\t\t\t\t\t<span class=\"elementor-icon-list-icon\">\n\t\t\t\t\t\t\t<i aria-hidden=\"true\" class=\"far fa-check-circle\"><\/i>\t\t\t\t\t\t<\/span>\n\t\t\t\t\t\t\t\t\t\t<span class=\"elementor-icon-list-text\">Consultations on the classification of goods;<\/span>\n\t\t\t\t\t\t\t\t\t<\/li>\n\t\t\t\t\t\t\t\t<li class=\"elementor-icon-list-item\">\n\t\t\t\t\t\t\t\t\t\t\t<span class=\"elementor-icon-list-icon\">\n\t\t\t\t\t\t\t<i aria-hidden=\"true\" class=\"far fa-check-circle\"><\/i>\t\t\t\t\t\t<\/span>\n\t\t\t\t\t\t\t\t\t\t<span class=\"elementor-icon-list-text\">Customs clearance of goods under temporary import or export regime;<\/span>\n\t\t\t\t\t\t\t\t\t<\/li>\n\t\t\t\t\t\t<\/ul>\n\t\t\t\t<\/div>\n\t\t\t\t<\/div>\n\t\t\t\t<div class=\"elementor-element elementor-element-843958c elementor-widget elementor-widget-gva_icon_box_group\" data-id=\"843958c\" data-element_type=\"widget\" data-widget_type=\"gva_icon_box_group.default\">\n\t\t\t\t<div class=\"elementor-widget-container\">\n\t\t\t<div class=\"gva-element-gva_icon_box_group gva-element\">\r\n<div class=\"gsc-icon-box-group layout-grid style-1\">\r\n\t<div class=\"lg-block-grid-1 md-block-grid-1 sm-block-grid-1 xs-block-grid-1 xx-block-grid-1\">\r\n\t\t\t\t\t\r\n\t\t\t<div class=\"item-columns\">\r\n\t\t\t\t<div class=\"icon-box-item elementor-repeater-item-e41023c\">\r\n\t<div class=\"icon-box-content\">\r\n\t\t\r\n\t\t\t\t\t\t\t\t\t<div class=\"box-icon\">\r\n\t\t\t\t\t<i aria-hidden=\"true\" class=\"icon-sominx-consultant\"><\/i>\t\t\t\t<\/div>\r\n\t\t\t\r\n\t\t\t<div class=\"content-inner\">\r\n\t\t\t\t\t\t\t\t\t<h3 class=\"title\">(+373) 69 188 742<\/h3>\r\n\t\t\t\t\t\t\t\t\t\t\t\t\t<div class=\"desc\">Call for details<\/div>\r\n\t\t\t\t\t\t\t<\/div>\t\r\n\r\n\t\t\t\r\n\r\n\t<\/div>  \t\r\n\t<\/div>\t\t\t<\/div>\r\n\r\n\t\t\t<\/div>   \r\n<\/div>\r\n<\/div>\t\t<\/div>\n\t\t\t\t<\/div>\n\t\t\t\t\t<\/div>\n\t\t<\/div>\n\t\t\t\t\t\t\t<\/div>\n\t\t<\/section>\n\t\t\t\t\t\t\t<\/div>","protected":false},"excerpt":{"rendered":"<p>Servicii de brokeraj vamal Home Pagin\u0103 Num\u0103r de contact (+373) 69 188 742 E-mail info@optibrok.md Adresa str. Gr\u0103dina Botanic\u0103, 14\/3, mun. Chi\u0219in\u0103u BROKERAJ VAMAL &nbsp; Perfectarea formalit\u0103\u021bilor vamale pentru import \u0219i export; Perfectarea declara\u021biei vamale cu mai multe pozi\u021bii de bunuri; Organizarea p\u0103str\u0103rii a m\u0103rfurilor \u00een depozite provizorii; Consulta\u021bii \u00een privin\u021ba pl\u0103\u021bilor vamale; Organizarea tranzitului [&hellip;]<\/p>","protected":false},"author":1,"featured_media":18300,"parent":17687,"menu_order":0,"comment_status":"closed","ping_status":"closed","template":"","meta":{"footnotes":""},"class_list":["post-870","page","type-page","status-publish","has-post-thumbnail","hentry"],"yoast_head":"<!-- This site is optimized with the Yoast SEO plugin v27.3 - https:\/\/yoast.com\/product\/yoast-seo-wordpress\/ -->\n<title>Servicii de brokeraj vamal - OptiBrok<\/title>\n<meta name=\"description\" content=\"Beneficia\u021bi de servicii complete de brokeraj vamal \u00een Chi\u0219in\u0103u. Contacta\u021bi-ne pentru formalit\u0103\u021bi vamale profesionale.\" \/>\n<meta name=\"robots\" content=\"index, follow, max-snippet:-1, max-image-preview:large, max-video-preview:-1\" \/>\n<link rel=\"canonical\" href=\"https:\/\/optibrok.md\/en\/servicii-brokeraj-vamal-logistica\/servicii-brokeraj-vamal\/\" \/>\n<meta property=\"og:locale\" content=\"en_US\" \/>\n<meta property=\"og:type\" content=\"article\" \/>\n<meta property=\"og:title\" content=\"Servicii de brokeraj vamal - OptiBrok\" \/>\n<meta property=\"og:description\" content=\"Beneficia\u021bi de servicii complete de brokeraj vamal \u00een Chi\u0219in\u0103u. Contacta\u021bi-ne pentru formalit\u0103\u021bi vamale profesionale.\" \/>\n<meta property=\"og:url\" content=\"https:\/\/optibrok.md\/en\/servicii-brokeraj-vamal-logistica\/servicii-brokeraj-vamal\/\" \/>\n<meta property=\"og:site_name\" content=\"OptiBrok\" \/>\n<meta property=\"article:publisher\" content=\"https:\/\/www.facebook.com\/optibrok\" \/>\n<meta property=\"article:modified_time\" content=\"2026-04-09T13:16:00+00:00\" \/>\n<meta property=\"og:image\" content=\"https:\/\/optibrok.md\/wp-content\/uploads\/2023\/04\/wbg.jpg\" \/>\n\t<meta property=\"og:image:width\" content=\"600\" \/>\n\t<meta property=\"og:image:height\" content=\"555\" \/>\n\t<meta property=\"og:image:type\" content=\"image\/jpeg\" \/>\n<meta name=\"twitter:card\" content=\"summary_large_image\" \/>\n<meta name=\"twitter:label1\" content=\"Est. reading time\" \/>\n\t<meta name=\"twitter:data1\" content=\"2 minutes\" \/>\n<script type=\"application\/ld+json\" class=\"yoast-schema-graph\">{\"@context\":\"https:\\\/\\\/schema.org\",\"@graph\":[{\"@type\":\"WebPage\",\"@id\":\"https:\\\/\\\/optibrok.md\\\/servicii-brokeraj-vamal-logistica\\\/servicii-brokeraj-vamal\\\/\",\"url\":\"https:\\\/\\\/optibrok.md\\\/servicii-brokeraj-vamal-logistica\\\/servicii-brokeraj-vamal\\\/\",\"name\":\"Servicii de brokeraj vamal - OptiBrok\",\"isPartOf\":{\"@id\":\"https:\\\/\\\/optibrok.md\\\/#website\"},\"primaryImageOfPage\":{\"@id\":\"https:\\\/\\\/optibrok.md\\\/servicii-brokeraj-vamal-logistica\\\/servicii-brokeraj-vamal\\\/#primaryimage\"},\"image\":{\"@id\":\"https:\\\/\\\/optibrok.md\\\/servicii-brokeraj-vamal-logistica\\\/servicii-brokeraj-vamal\\\/#primaryimage\"},\"thumbnailUrl\":\"https:\\\/\\\/optibrok.md\\\/wp-content\\\/uploads\\\/2023\\\/04\\\/wbg.jpg\",\"datePublished\":\"2021-08-31T01:51:55+00:00\",\"dateModified\":\"2026-04-09T13:16:00+00:00\",\"description\":\"Beneficia\u021bi de servicii complete de brokeraj vamal \u00een Chi\u0219in\u0103u. Contacta\u021bi-ne pentru formalit\u0103\u021bi vamale profesionale.\",\"breadcrumb\":{\"@id\":\"https:\\\/\\\/optibrok.md\\\/servicii-brokeraj-vamal-logistica\\\/servicii-brokeraj-vamal\\\/#breadcrumb\"},\"inLanguage\":\"en-US\",\"potentialAction\":[{\"@type\":\"ReadAction\",\"target\":[\"https:\\\/\\\/optibrok.md\\\/servicii-brokeraj-vamal-logistica\\\/servicii-brokeraj-vamal\\\/\"]}]},{\"@type\":\"ImageObject\",\"inLanguage\":\"en-US\",\"@id\":\"https:\\\/\\\/optibrok.md\\\/servicii-brokeraj-vamal-logistica\\\/servicii-brokeraj-vamal\\\/#primaryimage\",\"url\":\"https:\\\/\\\/optibrok.md\\\/wp-content\\\/uploads\\\/2023\\\/04\\\/wbg.jpg\",\"contentUrl\":\"https:\\\/\\\/optibrok.md\\\/wp-content\\\/uploads\\\/2023\\\/04\\\/wbg.jpg\",\"width\":600,\"height\":555},{\"@type\":\"BreadcrumbList\",\"@id\":\"https:\\\/\\\/optibrok.md\\\/servicii-brokeraj-vamal-logistica\\\/servicii-brokeraj-vamal\\\/#breadcrumb\",\"itemListElement\":[{\"@type\":\"ListItem\",\"position\":1,\"name\":\"Principal\u0103\",\"item\":\"https:\\\/\\\/optibrok.md\\\/\"},{\"@type\":\"ListItem\",\"position\":2,\"name\":\"Servicii\",\"item\":\"https:\\\/\\\/optibrok.md\\\/servicii-brokeraj-vamal-logistica\\\/\"},{\"@type\":\"ListItem\",\"position\":3,\"name\":\"Servicii de brokeraj vamal\"}]},{\"@type\":\"WebSite\",\"@id\":\"https:\\\/\\\/optibrok.md\\\/#website\",\"url\":\"https:\\\/\\\/optibrok.md\\\/\",\"name\":\"OptiBrok\",\"description\":\"Servicii de brokeraj vamal \u0219i logistic\u0103\",\"publisher\":{\"@id\":\"https:\\\/\\\/optibrok.md\\\/#organization\"},\"potentialAction\":[{\"@type\":\"SearchAction\",\"target\":{\"@type\":\"EntryPoint\",\"urlTemplate\":\"https:\\\/\\\/optibrok.md\\\/?s={search_term_string}\"},\"query-input\":{\"@type\":\"PropertyValueSpecification\",\"valueRequired\":true,\"valueName\":\"search_term_string\"}}],\"inLanguage\":\"en-US\"},{\"@type\":\"Organization\",\"@id\":\"https:\\\/\\\/optibrok.md\\\/#organization\",\"name\":\"OptiBrok\",\"url\":\"https:\\\/\\\/optibrok.md\\\/\",\"logo\":{\"@type\":\"ImageObject\",\"inLanguage\":\"en-US\",\"@id\":\"https:\\\/\\\/optibrok.md\\\/#\\\/schema\\\/logo\\\/image\\\/\",\"url\":\"https:\\\/\\\/optibrok.md\\\/wp-content\\\/uploads\\\/2022\\\/08\\\/logobroker.png\",\"contentUrl\":\"https:\\\/\\\/optibrok.md\\\/wp-content\\\/uploads\\\/2022\\\/08\\\/logobroker.png\",\"width\":109,\"height\":109,\"caption\":\"OptiBrok\"},\"image\":{\"@id\":\"https:\\\/\\\/optibrok.md\\\/#\\\/schema\\\/logo\\\/image\\\/\"},\"sameAs\":[\"https:\\\/\\\/www.facebook.com\\\/optibrok\",\"https:\\\/\\\/www.instagram.com\\\/optibrok\\\/\"]}]}<\/script>\n<!-- \/ Yoast SEO plugin. -->","yoast_head_json":{"title":"Servicii de brokeraj vamal - OptiBrok","description":"Beneficia\u021bi de servicii complete de brokeraj vamal \u00een Chi\u0219in\u0103u. Contacta\u021bi-ne pentru formalit\u0103\u021bi vamale profesionale.","robots":{"index":"index","follow":"follow","max-snippet":"max-snippet:-1","max-image-preview":"max-image-preview:large","max-video-preview":"max-video-preview:-1"},"canonical":"https:\/\/optibrok.md\/en\/servicii-brokeraj-vamal-logistica\/servicii-brokeraj-vamal\/","og_locale":"en_US","og_type":"article","og_title":"Servicii de brokeraj vamal - OptiBrok","og_description":"Beneficia\u021bi de servicii complete de brokeraj vamal \u00een Chi\u0219in\u0103u. Contacta\u021bi-ne pentru formalit\u0103\u021bi vamale profesionale.","og_url":"https:\/\/optibrok.md\/en\/servicii-brokeraj-vamal-logistica\/servicii-brokeraj-vamal\/","og_site_name":"OptiBrok","article_publisher":"https:\/\/www.facebook.com\/optibrok","article_modified_time":"2026-04-09T13:16:00+00:00","og_image":[{"url":"https:\/\/optibrok.md\/wp-content\/uploads\/2023\/04\/wbg.jpg","width":600,"height":555,"type":"image\/jpeg"}],"twitter_card":"summary_large_image","twitter_misc":{"Est. reading time":"2 minutes"},"schema":{"@context":"https:\/\/schema.org","@graph":[{"@type":"WebPage","@id":"https:\/\/optibrok.md\/servicii-brokeraj-vamal-logistica\/servicii-brokeraj-vamal\/","url":"https:\/\/optibrok.md\/servicii-brokeraj-vamal-logistica\/servicii-brokeraj-vamal\/","name":"Servicii de brokeraj vamal - OptiBrok","isPartOf":{"@id":"https:\/\/optibrok.md\/#website"},"primaryImageOfPage":{"@id":"https:\/\/optibrok.md\/servicii-brokeraj-vamal-logistica\/servicii-brokeraj-vamal\/#primaryimage"},"image":{"@id":"https:\/\/optibrok.md\/servicii-brokeraj-vamal-logistica\/servicii-brokeraj-vamal\/#primaryimage"},"thumbnailUrl":"https:\/\/optibrok.md\/wp-content\/uploads\/2023\/04\/wbg.jpg","datePublished":"2021-08-31T01:51:55+00:00","dateModified":"2026-04-09T13:16:00+00:00","description":"Beneficia\u021bi de servicii complete de brokeraj vamal \u00een Chi\u0219in\u0103u. Contacta\u021bi-ne pentru formalit\u0103\u021bi vamale profesionale.","breadcrumb":{"@id":"https:\/\/optibrok.md\/servicii-brokeraj-vamal-logistica\/servicii-brokeraj-vamal\/#breadcrumb"},"inLanguage":"en-US","potentialAction":[{"@type":"ReadAction","target":["https:\/\/optibrok.md\/servicii-brokeraj-vamal-logistica\/servicii-brokeraj-vamal\/"]}]},{"@type":"ImageObject","inLanguage":"en-US","@id":"https:\/\/optibrok.md\/servicii-brokeraj-vamal-logistica\/servicii-brokeraj-vamal\/#primaryimage","url":"https:\/\/optibrok.md\/wp-content\/uploads\/2023\/04\/wbg.jpg","contentUrl":"https:\/\/optibrok.md\/wp-content\/uploads\/2023\/04\/wbg.jpg","width":600,"height":555},{"@type":"BreadcrumbList","@id":"https:\/\/optibrok.md\/servicii-brokeraj-vamal-logistica\/servicii-brokeraj-vamal\/#breadcrumb","itemListElement":[{"@type":"ListItem","position":1,"name":"Principal\u0103","item":"https:\/\/optibrok.md\/"},{"@type":"ListItem","position":2,"name":"Servicii","item":"https:\/\/optibrok.md\/servicii-brokeraj-vamal-logistica\/"},{"@type":"ListItem","position":3,"name":"Servicii de brokeraj vamal"}]},{"@type":"WebSite","@id":"https:\/\/optibrok.md\/#website","url":"https:\/\/optibrok.md\/","name":"OptiBrok","description":"Servicii de brokeraj vamal \u0219i logistic\u0103","publisher":{"@id":"https:\/\/optibrok.md\/#organization"},"potentialAction":[{"@type":"SearchAction","target":{"@type":"EntryPoint","urlTemplate":"https:\/\/optibrok.md\/?s={search_term_string}"},"query-input":{"@type":"PropertyValueSpecification","valueRequired":true,"valueName":"search_term_string"}}],"inLanguage":"en-US"},{"@type":"Organization","@id":"https:\/\/optibrok.md\/#organization","name":"OptiBrok","url":"https:\/\/optibrok.md\/","logo":{"@type":"ImageObject","inLanguage":"en-US","@id":"https:\/\/optibrok.md\/#\/schema\/logo\/image\/","url":"https:\/\/optibrok.md\/wp-content\/uploads\/2022\/08\/logobroker.png","contentUrl":"https:\/\/optibrok.md\/wp-content\/uploads\/2022\/08\/logobroker.png","width":109,"height":109,"caption":"OptiBrok"},"image":{"@id":"https:\/\/optibrok.md\/#\/schema\/logo\/image\/"},"sameAs":["https:\/\/www.facebook.com\/optibrok","https:\/\/www.instagram.com\/optibrok\/"]}]}},"_links":{"self":[{"href":"https:\/\/optibrok.md\/en\/wp-json\/wp\/v2\/pages\/870","targetHints":{"allow":["GET"]}}],"collection":[{"href":"https:\/\/optibrok.md\/en\/wp-json\/wp\/v2\/pages"}],"about":[{"href":"https:\/\/optibrok.md\/en\/wp-json\/wp\/v2\/types\/page"}],"author":[{"embeddable":true,"href":"https:\/\/optibrok.md\/en\/wp-json\/wp\/v2\/users\/1"}],"replies":[{"embeddable":true,"href":"https:\/\/optibrok.md\/en\/wp-json\/wp\/v2\/comments?post=870"}],"version-history":[{"count":51,"href":"https:\/\/optibrok.md\/en\/wp-json\/wp\/v2\/pages\/870\/revisions"}],"predecessor-version":[{"id":18413,"href":"https:\/\/optibrok.md\/en\/wp-json\/wp\/v2\/pages\/870\/revisions\/18413"}],"up":[{"embeddable":true,"href":"https:\/\/optibrok.md\/en\/wp-json\/wp\/v2\/pages\/17687"}],"wp:featuredmedia":[{"embeddable":true,"href":"https:\/\/optibrok.md\/en\/wp-json\/wp\/v2\/media\/18300"}],"wp:attachment":[{"href":"https:\/\/optibrok.md\/en\/wp-json\/wp\/v2\/media?parent=870"}],"curies":[{"name":"wp","href":"https:\/\/api.w.org\/{rel}","templated":true}]}}